{"id":102,"date":"2024-08-13T08:37:16","date_gmt":"2024-08-13T08:37:16","guid":{"rendered":"https:\/\/risingauto.cz\/wp\/?page_id=102"},"modified":"2024-08-13T12:49:52","modified_gmt":"2024-08-13T12:49:52","slug":"r7-suv-ev","status":"publish","type":"page","link":"https:\/\/risingauto.cz\/wp\/r7-suv-ev\/","title":{"rendered":"R7 SUV EV"},"content":{"rendered":"\n<figure class=\"wp-block-image size-large\"><img loading=\"lazy\" decoding=\"async\" width=\"1024\" height=\"362\" src=\"http:\/\/risingauto.cz\/wp\/wp-content\/uploads\/2024\/08\/R7-Car-Grey-20231117-1024x362.png\" alt=\"\" class=\"wp-image-53\" srcset=\"https:\/\/risingauto.cz\/wp\/wp-content\/uploads\/2024\/08\/R7-Car-Grey-20231117-1024x362.png 1024w, https:\/\/risingauto.cz\/wp\/wp-content\/uploads\/2024\/08\/R7-Car-Grey-20231117-300x106.png 300w, https:\/\/risingauto.cz\/wp\/wp-content\/uploads\/2024\/08\/R7-Car-Grey-20231117-768x271.png 768w, https:\/\/risingauto.cz\/wp\/wp-content\/uploads\/2024\/08\/R7-Car-Grey-20231117.png 1500w\" sizes=\"auto, (max-width: 767px) 89vw, (max-width: 1000px) 54vw, (max-width: 1071px) 543px, 580px\" \/><\/figure>\n\n\n\n<figure class=\"wp-block-gallery has-nested-images columns-2 is-cropped wp-block-gallery-1 is-layout-flex wp-block-gallery-is-layout-flex\">\n<figure class=\"wp-block-image size-medium\"><img loading=\"lazy\" decoding=\"async\" width=\"300\" height=\"134\" data-id=\"107\" src=\"https:\/\/risingauto.cz\/wp\/wp-content\/uploads\/2024\/08\/Image_20240812102724-300x134.png\" alt=\"\" class=\"wp-image-107\" srcset=\"https:\/\/risingauto.cz\/wp\/wp-content\/uploads\/2024\/08\/Image_20240812102724-300x134.png 300w, https:\/\/risingauto.cz\/wp\/wp-content\/uploads\/2024\/08\/Image_20240812102724-768x343.png 768w, https:\/\/risingauto.cz\/wp\/wp-content\/uploads\/2024\/08\/Image_20240812102724.png 954w\" sizes=\"auto, (max-width: 300px) 100vw, 300px\" \/><\/figure>\n\n\n\n<figure class=\"wp-block-image size-medium\"><img loading=\"lazy\" decoding=\"async\" width=\"300\" height=\"134\" data-id=\"105\" src=\"https:\/\/risingauto.cz\/wp\/wp-content\/uploads\/2024\/08\/Image_20240812102729-300x134.png\" alt=\"\" class=\"wp-image-105\" srcset=\"https:\/\/risingauto.cz\/wp\/wp-content\/uploads\/2024\/08\/Image_20240812102729-300x134.png 300w, https:\/\/risingauto.cz\/wp\/wp-content\/uploads\/2024\/08\/Image_20240812102729-768x343.png 768w, https:\/\/risingauto.cz\/wp\/wp-content\/uploads\/2024\/08\/Image_20240812102729.png 954w\" sizes=\"auto, (max-width: 300px) 100vw, 300px\" \/><\/figure>\n<\/figure>\n\n\n\n<p>Elektrick\u00e9 SUV s kapacitou NMC baterie 77 kWh a dojezdem a\u017e 570 km.<\/p>\n\n\n\n<p>V\u00fdkon: 250 kW (339 PS)<\/p>\n\n\n\n<p>To\u010div\u00fd moment: 450 Nm<\/p>\n\n\n\n<p>Kombinovan\u00e1 spot\u0159eba: 17 kWh \/ 100 km (kombinovan\u00e1)<\/p>\n\n\n\n<p>Maxim\u00e1ln\u00ed rychlost: 200 km\/h<\/p>\n\n\n\n<p>Zrychlen\u00ed 0-100 km\/h: 5.8 s<\/p>\n\n\n\n<p>Rozm\u011bry (mm): 4900 x 1925 x 1655<\/p>\n\n\n\n<p>Rozvor (mm): 2950<\/p>\n\n\n\n<figure class=\"wp-block-video\"><video height=\"1080\" style=\"aspect-ratio: 1920 \/ 1080;\" width=\"1920\" autoplay controls loop muted src=\"http:\/\/risingauto.cz\/wp\/wp-content\/uploads\/2024\/08\/R7-fifteenth1-20231117.mp4\" playsinline><\/video><\/figure>\n\n\n\n<figure class=\"wp-block-video\"><video height=\"1080\" style=\"aspect-ratio: 1920 \/ 1080;\" width=\"1920\" autoplay controls loop src=\"http:\/\/risingauto.cz\/wp\/wp-content\/uploads\/2024\/08\/R7-new-video-7.mp4\" playsinline><\/video><\/figure>\n\n\n\n<figure class=\"wp-block-image size-large\"><img loading=\"lazy\" decoding=\"async\" width=\"1024\" height=\"614\" src=\"http:\/\/risingauto.cz\/wp\/wp-content\/uploads\/2024\/08\/cropped-R7-screen2-20231115-scaled-1-1024x614.jpg\" alt=\"\" class=\"wp-image-43\" srcset=\"https:\/\/risingauto.cz\/wp\/wp-content\/uploads\/2024\/08\/cropped-R7-screen2-20231115-scaled-1-1024x614.jpg 1024w, https:\/\/risingauto.cz\/wp\/wp-content\/uploads\/2024\/08\/cropped-R7-screen2-20231115-scaled-1-300x180.jpg 300w, https:\/\/risingauto.cz\/wp\/wp-content\/uploads\/2024\/08\/cropped-R7-screen2-20231115-scaled-1-768x461.jpg 768w, https:\/\/risingauto.cz\/wp\/wp-content\/uploads\/2024\/08\/cropped-R7-screen2-20231115-scaled-1-1536x922.jpg 1536w, https:\/\/risingauto.cz\/wp\/wp-content\/uploads\/2024\/08\/cropped-R7-screen2-20231115-scaled-1.jpg 2000w\" sizes=\"auto, (max-width: 767px) 89vw, (max-width: 1000px) 54vw, (max-width: 1071px) 543px, 580px\" \/><\/figure>\n\n\n\n<figure class=\"wp-block-image size-large\"><img loading=\"lazy\" decoding=\"async\" width=\"1024\" height=\"576\" src=\"http:\/\/risingauto.cz\/wp\/wp-content\/uploads\/2024\/08\/R7-screen1-20231115-1024x576.jpg\" alt=\"\" class=\"wp-image-39\" srcset=\"https:\/\/risingauto.cz\/wp\/wp-content\/uploads\/2024\/08\/R7-screen1-20231115-1024x576.jpg 1024w, https:\/\/risingauto.cz\/wp\/wp-content\/uploads\/2024\/08\/R7-screen1-20231115-300x169.jpg 300w, https:\/\/risingauto.cz\/wp\/wp-content\/uploads\/2024\/08\/R7-screen1-20231115-768x432.jpg 768w, https:\/\/risingauto.cz\/wp\/wp-content\/uploads\/2024\/08\/R7-screen1-20231115-1536x864.jpg 1536w, https:\/\/risingauto.cz\/wp\/wp-content\/uploads\/2024\/08\/R7-screen1-20231115-2048x1152.jpg 2048w\" sizes=\"auto, (max-width: 767px) 89vw, (max-width: 1000px) 54vw, (max-width: 1071px) 543px, 580px\" \/><\/figure>\n\n\n\n<figure class=\"wp-block-image size-large\"><img loading=\"lazy\" decoding=\"async\" width=\"1024\" height=\"576\" src=\"http:\/\/risingauto.cz\/wp\/wp-content\/uploads\/2024\/07\/240617-home-r7-newbg8-1024x576.jpg\" alt=\"\" class=\"wp-image-9\" srcset=\"https:\/\/risingauto.cz\/wp\/wp-content\/uploads\/2024\/07\/240617-home-r7-newbg8-1024x576.jpg 1024w, https:\/\/risingauto.cz\/wp\/wp-content\/uploads\/2024\/07\/240617-home-r7-newbg8-300x169.jpg 300w, https:\/\/risingauto.cz\/wp\/wp-content\/uploads\/2024\/07\/240617-home-r7-newbg8-768x432.jpg 768w, https:\/\/risingauto.cz\/wp\/wp-content\/uploads\/2024\/07\/240617-home-r7-newbg8-1536x864.jpg 1536w, https:\/\/risingauto.cz\/wp\/wp-content\/uploads\/2024\/07\/240617-home-r7-newbg8-2048x1152.jpg 2048w\" sizes=\"auto, (max-width: 767px) 89vw, (max-width: 1000px) 54vw, (max-width: 1071px) 543px, 580px\" \/><\/figure>\n","protected":false},"excerpt":{"rendered":"<p>Elektrick\u00e9 SUV s kapacitou NMC baterie 77 kWh a dojezdem a\u017e 570 km. V\u00fdkon: 250 kW (339 PS) To\u010div\u00fd moment: 450 Nm Kombinovan\u00e1 spot\u0159eba: 17 kWh \/ 100 km (kombinovan\u00e1) Maxim\u00e1ln\u00ed rychlost: 200 km\/h Zrychlen\u00ed 0-100 km\/h: 5.8 s Rozm\u011bry (mm): 4900 x 1925 x 1655 Rozvor (mm): 2950<\/p>\n","protected":false},"author":1,"featured_media":0,"parent":0,"menu_order":0,"comment_status":"closed","ping_status":"closed","template":"","meta":{"footnotes":""},"class_list":["post-102","page","type-page","status-publish","hentry"],"_links":{"self":[{"href":"https:\/\/risingauto.cz\/wp\/wp-json\/wp\/v2\/pages\/102","targetHints":{"allow":["GET"]}}],"collection":[{"href":"https:\/\/risingauto.cz\/wp\/wp-json\/wp\/v2\/pages"}],"about":[{"href":"https:\/\/risingauto.cz\/wp\/wp-json\/wp\/v2\/types\/page"}],"author":[{"embeddable":true,"href":"https:\/\/risingauto.cz\/wp\/wp-json\/wp\/v2\/users\/1"}],"replies":[{"embeddable":true,"href":"https:\/\/risingauto.cz\/wp\/wp-json\/wp\/v2\/comments?post=102"}],"version-history":[{"count":5,"href":"https:\/\/risingauto.cz\/wp\/wp-json\/wp\/v2\/pages\/102\/revisions"}],"predecessor-version":[{"id":133,"href":"https:\/\/risingauto.cz\/wp\/wp-json\/wp\/v2\/pages\/102\/revisions\/133"}],"wp:attachment":[{"href":"https:\/\/risingauto.cz\/wp\/wp-json\/wp\/v2\/media?parent=102"}],"curies":[{"name":"wp","href":"https:\/\/api.w.org\/{rel}","templated":true}]}}